{"id":1502,"date":"2019-10-08T16:43:44","date_gmt":"2019-10-08T13:43:44","guid":{"rendered":"http:\/\/globecore.co.za\/?page_id=1502"},"modified":"2023-12-14T13:16:31","modified_gmt":"2023-12-14T13:16:31","slug":"rrr","status":"publish","type":"page","link":"https:\/\/globecore.co.za\/fr\/products\/mineral-oil-processing-equipment\/rrr\/","title":{"rendered":"MACHINE DE R\u00c9G\u00c9N\u00c9RATION DE L\u2019HUILE  CMM-R"},"content":{"rendered":"<p style=\"text-align: justify;\">La dur\u00e9e de vie d&rsquo;un transformateur d\u00e9pend directement de l&rsquo;isolation du papier et des conditions des \u00e9l\u00e9ments magn\u00e9tiques. Les \u00e9l\u00e9ments magn\u00e9tiques n&rsquo;ont pas de limites sur leur dur\u00e9e de vie, mais l&rsquo;isolation en papier est expos\u00e9e aux contraintes et \u00e0 l&rsquo;usure avec le temps. Son \u00e9tat a un grand impact sur la dur\u00e9e de vie d&rsquo;un transformateur. Le vieillissement d&rsquo;un isolant en papier est un processus de longue dur\u00e9e, mais il peut \u00eatre consid\u00e9rablement acc\u00e9l\u00e9r\u00e9 par la chaleur, l&rsquo;oxyg\u00e8ne, l&rsquo;eau et les produits de l&rsquo;oxydation de l&rsquo;huile du transformateur, qui s&rsquo;accumulent dans le papier au fil du temps.<\/p>\n<p style=\"text-align: justify;\"><strong>R\u00c9G\u00c9N\u00c9RATION DE L&rsquo;HUILE ET NETTOYAGE DE L&rsquo;ISOLANT PAPIER<\/strong><\/p>\n<p style=\"text-align: justify;\">L&rsquo;isolation en papier dans un transformateur fonctionne non seulement sur sa nomination directe, mais a \u00e9galement une caract\u00e9ristique de filtre et accumule les produits du vieillissement de l&rsquo;huile du transformateur. Changer l&rsquo;huile dans le transformateur ne r\u00e9sout pas le probl\u00e8me. Comme l&rsquo;isolant cellulosique contient encore tous les contaminants, ils commencent \u00e0 se dissoudre dans l&rsquo;huile neuve d\u00e8s que l&rsquo;huile est chang\u00e9e. Les contaminants provoquent l&rsquo;oxydation de l&rsquo;huile et pr\u00e9cipitent la formation de nouveaux d\u00e9p\u00f4ts dans l&rsquo;isolant en papier, de sorte que le cycle se r\u00e9p\u00e8te encore et encore. De plus, changer l&rsquo;huile n&rsquo;est ni la meilleure ni la plus efficace. M\u00eame si l\u2019huile est extraite du transformateur, r\u00e9g\u00e9n\u00e9r\u00e9e et renvoy\u00e9e dans le r\u00e9servoir du transformateur, cela ne signifie pas que le r\u00e9sultat sera diff\u00e9rent du simple changement d\u2019huile. Le seul avantage de ce proc\u00e9d\u00e9 est son moindre co\u00fbt. Rincer le papier avec de l&rsquo;huile propre, lors de la r\u00e9vision du transformateur, peut \u00e9liminer une grande partie des contaminants, cependant, il n&rsquo;y a aucune garantie que les d\u00e9p\u00f4ts de produits d&rsquo;oxydation seront \u00e9limin\u00e9s. L&rsquo;utilisation de d\u00e9tergents sp\u00e9ciaux peut \u00e9galement aider, mais le processus est plus long et plus co\u00fbteux. Quoi qu&rsquo;il en soit, la r\u00e9paration du transformateur et le lavage de l&rsquo;isolant en papier peuvent co\u00fbter jusqu&rsquo;\u00e0 un tiers du prix moyen d&rsquo;un nouveau transformateur.<\/p>\n<p style=\"text-align: justify;\"><img loading=\"lazy\" decoding=\"async\" class=\"alignnone wp-image-1487\" src=\"https:\/\/globecore.co.za\/wp-content\/uploads\/2019\/08\/12\u0420-300x245.jpg\" alt=\"MACHINE DE R\u00c9G\u00c9N\u00c9RATION D'HUILE\" width=\"241\" height=\"197\" srcset=\"https:\/\/globecore.co.za\/wp-content\/uploads\/2019\/08\/12\u0420-300x245.jpg 300w, https:\/\/globecore.co.za\/wp-content\/uploads\/2019\/08\/12\u0420-768x627.jpg 768w, https:\/\/globecore.co.za\/wp-content\/uploads\/2019\/08\/12\u0420.jpg 1000w\" sizes=\"auto, (max-width: 241px) 100vw, 241px\" \/><\/p>\n","protected":false},"excerpt":{"rendered":"<p>La dur\u00e9e de vie d&rsquo;un transformateur d\u00e9pend directement de l&rsquo;isolation du papier et des conditions des \u00e9l\u00e9ments magn\u00e9tiques. Les \u00e9l\u00e9ments magn\u00e9tiques n&rsquo;ont pas de limites sur leur dur\u00e9e de vie, mais l&rsquo;isolation en papier est expos\u00e9e aux contraintes et \u00e0 l&rsquo;usure avec le temps. Son \u00e9tat a un grand impact sur la dur\u00e9e de vie<a class=\"cg-read-more\" href=\"https:\/\/globecore.co.za\/fr\/products\/mineral-oil-processing-equipment\/rrr\/\" target=\"_blank\">Read More <\/a><\/p>\n","protected":false},"author":7,"featured_media":791,"parent":509,"menu_order":0,"comment_status":"closed","ping_status":"closed","template":"templates\/products-sidebar.php","meta":{"_acf_changed":false,"footnotes":""},"categories":[],"class_list":["post-1502","page","type-page","status-publish","has-post-thumbnail","hentry"],"acf":[],"_links":{"self":[{"href":"https:\/\/globecore.co.za\/fr\/wp-json\/wp\/v2\/pages\/1502","targetHints":{"allow":["GET"]}}],"collection":[{"href":"https:\/\/globecore.co.za\/fr\/wp-json\/wp\/v2\/pages"}],"about":[{"href":"https:\/\/globecore.co.za\/fr\/wp-json\/wp\/v2\/types\/page"}],"author":[{"embeddable":true,"href":"https:\/\/globecore.co.za\/fr\/wp-json\/wp\/v2\/users\/7"}],"replies":[{"embeddable":true,"href":"https:\/\/globecore.co.za\/fr\/wp-json\/wp\/v2\/comments?post=1502"}],"version-history":[{"count":26,"href":"https:\/\/globecore.co.za\/fr\/wp-json\/wp\/v2\/pages\/1502\/revisions"}],"predecessor-version":[{"id":3334,"href":"https:\/\/globecore.co.za\/fr\/wp-json\/wp\/v2\/pages\/1502\/revisions\/3334"}],"up":[{"embeddable":true,"href":"https:\/\/globecore.co.za\/fr\/wp-json\/wp\/v2\/pages\/509"}],"wp:featuredmedia":[{"embeddable":true,"href":"https:\/\/globecore.co.za\/fr\/wp-json\/wp\/v2\/media\/791"}],"wp:attachment":[{"href":"https:\/\/globecore.co.za\/fr\/wp-json\/wp\/v2\/media?parent=1502"}],"wp:term":[{"taxonomy":"category","embeddable":true,"href":"https:\/\/globecore.co.za\/fr\/wp-json\/wp\/v2\/categories?post=1502"}],"curies":[{"name":"wp","href":"https:\/\/api.w.org\/{rel}","templated":true}]}}