{"id":1570,"date":"2019-08-20T08:30:32","date_gmt":"2019-08-20T05:30:32","guid":{"rendered":"http:\/\/globecore.co.za\/bitumen-emulsion-unit\/uvb-1-bitumen-emulsion-unit-8-m3-hour-production-capacity\/"},"modified":"2023-12-14T12:27:24","modified_gmt":"2023-12-14T12:27:24","slug":"uvb-1-bitumen-emulsion-unit-8-m3-hour-production-capacity","status":"publish","type":"page","link":"https:\/\/globecore.co.za\/fr\/products\/road-construction-equipment\/bitumen-emulsion-unit\/uvb-1-bitumen-emulsion-unit-8-m3-hour-production-capacity\/","title":{"rendered":"Unit\u00e9 d&rsquo;\u00e9mulsion de bitume USB-2 capacit\u00e9 de production de 8 m3 \/ heure"},"content":{"rendered":"","protected":false},"excerpt":{"rendered":"","protected":false},"author":7,"featured_media":767,"parent":1545,"menu_order":0,"comment_status":"closed","ping_status":"closed","template":"templates\/single-product.php","meta":{"_acf_changed":false,"footnotes":""},"categories":[],"class_list":["post-1570","page","type-page","status-publish","has-post-thumbnail","hentry"],"acf":[],"_links":{"self":[{"href":"https:\/\/globecore.co.za\/fr\/wp-json\/wp\/v2\/pages\/1570","targetHints":{"allow":["GET"]}}],"collection":[{"href":"https:\/\/globecore.co.za\/fr\/wp-json\/wp\/v2\/pages"}],"about":[{"href":"https:\/\/globecore.co.za\/fr\/wp-json\/wp\/v2\/types\/page"}],"author":[{"embeddable":true,"href":"https:\/\/globecore.co.za\/fr\/wp-json\/wp\/v2\/users\/7"}],"replies":[{"embeddable":true,"href":"https:\/\/globecore.co.za\/fr\/wp-json\/wp\/v2\/comments?post=1570"}],"version-history":[{"count":6,"href":"https:\/\/globecore.co.za\/fr\/wp-json\/wp\/v2\/pages\/1570\/revisions"}],"predecessor-version":[{"id":3307,"href":"https:\/\/globecore.co.za\/fr\/wp-json\/wp\/v2\/pages\/1570\/revisions\/3307"}],"up":[{"embeddable":true,"href":"https:\/\/globecore.co.za\/fr\/wp-json\/wp\/v2\/pages\/1545"}],"wp:featuredmedia":[{"embeddable":true,"href":"https:\/\/globecore.co.za\/fr\/wp-json\/wp\/v2\/media\/767"}],"wp:attachment":[{"href":"https:\/\/globecore.co.za\/fr\/wp-json\/wp\/v2\/media?parent=1570"}],"wp:term":[{"taxonomy":"category","embeddable":true,"href":"https:\/\/globecore.co.za\/fr\/wp-json\/wp\/v2\/categories?post=1570"}],"curies":[{"name":"wp","href":"https:\/\/api.w.org\/{rel}","templated":true}]}}