{"id":1602,"date":"2019-08-20T08:31:20","date_gmt":"2019-08-20T05:31:20","guid":{"rendered":"http:\/\/globecore.co.za\/bitumen-emulsion-unit\/uvb-1-bitumen-emulsion-unit-2-m3-hour-production-capacity\/"},"modified":"2023-12-14T12:24:10","modified_gmt":"2023-12-14T12:24:10","slug":"uvb-1-bitumen-emulsion-unit-2-m3-hour-production-capacity","status":"publish","type":"page","link":"https:\/\/globecore.co.za\/fr\/products\/road-construction-equipment\/bitumen-emulsion-unit\/uvb-1-bitumen-emulsion-unit-2-m3-hour-production-capacity\/","title":{"rendered":"Unit\u00e9 d&rsquo;\u00e9mulsion de bitume USB-2, capacit\u00e9 de production de 2 m3 \/ heure"},"content":{"rendered":"","protected":false},"excerpt":{"rendered":"","protected":false},"author":7,"featured_media":2246,"parent":1545,"menu_order":0,"comment_status":"closed","ping_status":"closed","template":"templates\/single-product.php","meta":{"_acf_changed":false,"footnotes":""},"categories":[],"class_list":["post-1602","page","type-page","status-publish","has-post-thumbnail","hentry"],"acf":[],"_links":{"self":[{"href":"https:\/\/globecore.co.za\/fr\/wp-json\/wp\/v2\/pages\/1602","targetHints":{"allow":["GET"]}}],"collection":[{"href":"https:\/\/globecore.co.za\/fr\/wp-json\/wp\/v2\/pages"}],"about":[{"href":"https:\/\/globecore.co.za\/fr\/wp-json\/wp\/v2\/types\/page"}],"author":[{"embeddable":true,"href":"https:\/\/globecore.co.za\/fr\/wp-json\/wp\/v2\/users\/7"}],"replies":[{"embeddable":true,"href":"https:\/\/globecore.co.za\/fr\/wp-json\/wp\/v2\/comments?post=1602"}],"version-history":[{"count":5,"href":"https:\/\/globecore.co.za\/fr\/wp-json\/wp\/v2\/pages\/1602\/revisions"}],"predecessor-version":[{"id":3304,"href":"https:\/\/globecore.co.za\/fr\/wp-json\/wp\/v2\/pages\/1602\/revisions\/3304"}],"up":[{"embeddable":true,"href":"https:\/\/globecore.co.za\/fr\/wp-json\/wp\/v2\/pages\/1545"}],"wp:featuredmedia":[{"embeddable":true,"href":"https:\/\/globecore.co.za\/fr\/wp-json\/wp\/v2\/media\/2246"}],"wp:attachment":[{"href":"https:\/\/globecore.co.za\/fr\/wp-json\/wp\/v2\/media?parent=1602"}],"wp:term":[{"taxonomy":"category","embeddable":true,"href":"https:\/\/globecore.co.za\/fr\/wp-json\/wp\/v2\/categories?post=1602"}],"curies":[{"name":"wp","href":"https:\/\/api.w.org\/{rel}","templated":true}]}}