{"id":1610,"date":"2019-08-20T08:26:32","date_gmt":"2019-08-20T05:26:32","guid":{"rendered":"http:\/\/globecore.co.za\/bitumen-modification-unit-20-m3-hour-production-capacity\/"},"modified":"2023-12-14T12:34:09","modified_gmt":"2023-12-14T12:34:09","slug":"bitumen-modification-unit-20-m3-hour-production-capacity","status":"publish","type":"page","link":"https:\/\/globecore.co.za\/fr\/products\/road-construction-equipment\/bitumen-modification-unit\/bitumen-modification-unit-20-m3-hour-production-capacity\/","title":{"rendered":"Unit\u00e9 pour bitue modifi\u00e9 aux polym\u00e8res , capacit\u00e9 de production de 22 m3 \/ heure"},"content":{"rendered":"","protected":false},"excerpt":{"rendered":"","protected":false},"author":7,"featured_media":2813,"parent":1756,"menu_order":0,"comment_status":"closed","ping_status":"closed","template":"templates\/single-product.php","meta":{"_acf_changed":false,"footnotes":""},"categories":[],"class_list":["post-1610","page","type-page","status-publish","has-post-thumbnail","hentry"],"acf":[],"_links":{"self":[{"href":"https:\/\/globecore.co.za\/fr\/wp-json\/wp\/v2\/pages\/1610","targetHints":{"allow":["GET"]}}],"collection":[{"href":"https:\/\/globecore.co.za\/fr\/wp-json\/wp\/v2\/pages"}],"about":[{"href":"https:\/\/globecore.co.za\/fr\/wp-json\/wp\/v2\/types\/page"}],"author":[{"embeddable":true,"href":"https:\/\/globecore.co.za\/fr\/wp-json\/wp\/v2\/users\/7"}],"replies":[{"embeddable":true,"href":"https:\/\/globecore.co.za\/fr\/wp-json\/wp\/v2\/comments?post=1610"}],"version-history":[{"count":2,"href":"https:\/\/globecore.co.za\/fr\/wp-json\/wp\/v2\/pages\/1610\/revisions"}],"predecessor-version":[{"id":1612,"href":"https:\/\/globecore.co.za\/fr\/wp-json\/wp\/v2\/pages\/1610\/revisions\/1612"}],"up":[{"embeddable":true,"href":"https:\/\/globecore.co.za\/fr\/wp-json\/wp\/v2\/pages\/1756"}],"wp:featuredmedia":[{"embeddable":true,"href":"https:\/\/globecore.co.za\/fr\/wp-json\/wp\/v2\/media\/2813"}],"wp:attachment":[{"href":"https:\/\/globecore.co.za\/fr\/wp-json\/wp\/v2\/media?parent=1610"}],"wp:term":[{"taxonomy":"category","embeddable":true,"href":"https:\/\/globecore.co.za\/fr\/wp-json\/wp\/v2\/categories?post=1610"}],"curies":[{"name":"wp","href":"https:\/\/api.w.org\/{rel}","templated":true}]}}