{"id":1745,"date":"2019-08-13T09:43:14","date_gmt":"2019-08-13T06:43:14","guid":{"rendered":"http:\/\/globecore.co.za\/products\/mineral-oil-processing-equipment\/rrr\/uvr-transformer-oil-regeneration-units\/"},"modified":"2023-12-15T08:02:42","modified_gmt":"2023-12-15T08:02:42","slug":"uvr-transformer-oil-regeneration-units","status":"publish","type":"page","link":"https:\/\/globecore.co.za\/fr\/products\/mineral-oil-processing-equipment\/rrr\/uvr-transformer-oil-regeneration-units\/","title":{"rendered":"Machine de r\u00e9g\u00e9n\u00e9ration d&rsquo;huile et de carburant -UVR"},"content":{"rendered":"","protected":false},"excerpt":{"rendered":"","protected":false},"author":7,"featured_media":1746,"parent":1502,"menu_order":0,"comment_status":"closed","ping_status":"closed","template":"templates\/single-product.php","meta":{"_acf_changed":false,"footnotes":""},"categories":[],"class_list":["post-1745","page","type-page","status-publish","has-post-thumbnail","hentry"],"acf":[],"_links":{"self":[{"href":"https:\/\/globecore.co.za\/fr\/wp-json\/wp\/v2\/pages\/1745","targetHints":{"allow":["GET"]}}],"collection":[{"href":"https:\/\/globecore.co.za\/fr\/wp-json\/wp\/v2\/pages"}],"about":[{"href":"https:\/\/globecore.co.za\/fr\/wp-json\/wp\/v2\/types\/page"}],"author":[{"embeddable":true,"href":"https:\/\/globecore.co.za\/fr\/wp-json\/wp\/v2\/users\/7"}],"replies":[{"embeddable":true,"href":"https:\/\/globecore.co.za\/fr\/wp-json\/wp\/v2\/comments?post=1745"}],"version-history":[{"count":6,"href":"https:\/\/globecore.co.za\/fr\/wp-json\/wp\/v2\/pages\/1745\/revisions"}],"predecessor-version":[{"id":2875,"href":"https:\/\/globecore.co.za\/fr\/wp-json\/wp\/v2\/pages\/1745\/revisions\/2875"}],"up":[{"embeddable":true,"href":"https:\/\/globecore.co.za\/fr\/wp-json\/wp\/v2\/pages\/1502"}],"wp:featuredmedia":[{"embeddable":true,"href":"https:\/\/globecore.co.za\/fr\/wp-json\/wp\/v2\/media\/1746"}],"wp:attachment":[{"href":"https:\/\/globecore.co.za\/fr\/wp-json\/wp\/v2\/media?parent=1745"}],"wp:term":[{"taxonomy":"category","embeddable":true,"href":"https:\/\/globecore.co.za\/fr\/wp-json\/wp\/v2\/categories?post=1745"}],"curies":[{"name":"wp","href":"https:\/\/api.w.org\/{rel}","templated":true}]}}