{"id":1960,"date":"2019-08-13T09:44:18","date_gmt":"2019-08-13T06:44:18","guid":{"rendered":"http:\/\/globecore.co.za\/products\/mineral-oil-processing-equipment\/oil-degassing-thermal-oil-vacuum-drying\/"},"modified":"2023-12-14T13:50:49","modified_gmt":"2023-12-14T13:50:49","slug":"oil-degassing-thermal-oil-vacuum-drying","status":"publish","type":"page","link":"https:\/\/globecore.co.za\/fr\/products\/mineral-oil-processing-equipment\/oil-degassing-thermal-oil-vacuum-drying\/","title":{"rendered":"D\u00e9gazage \u00e0 l&rsquo;huile, s\u00e9chage sous vide l&rsquo;huile"},"content":{"rendered":"","protected":false},"excerpt":{"rendered":"","protected":false},"author":7,"featured_media":0,"parent":509,"menu_order":0,"comment_status":"closed","ping_status":"closed","template":"templates\/products-sidebar.php","meta":{"_acf_changed":false,"footnotes":""},"categories":[],"class_list":["post-1960","page","type-page","status-publish","hentry"],"acf":[],"_links":{"self":[{"href":"https:\/\/globecore.co.za\/fr\/wp-json\/wp\/v2\/pages\/1960","targetHints":{"allow":["GET"]}}],"collection":[{"href":"https:\/\/globecore.co.za\/fr\/wp-json\/wp\/v2\/pages"}],"about":[{"href":"https:\/\/globecore.co.za\/fr\/wp-json\/wp\/v2\/types\/page"}],"author":[{"embeddable":true,"href":"https:\/\/globecore.co.za\/fr\/wp-json\/wp\/v2\/users\/7"}],"replies":[{"embeddable":true,"href":"https:\/\/globecore.co.za\/fr\/wp-json\/wp\/v2\/comments?post=1960"}],"version-history":[{"count":5,"href":"https:\/\/globecore.co.za\/fr\/wp-json\/wp\/v2\/pages\/1960\/revisions"}],"predecessor-version":[{"id":3184,"href":"https:\/\/globecore.co.za\/fr\/wp-json\/wp\/v2\/pages\/1960\/revisions\/3184"}],"up":[{"embeddable":true,"href":"https:\/\/globecore.co.za\/fr\/wp-json\/wp\/v2\/pages\/509"}],"wp:attachment":[{"href":"https:\/\/globecore.co.za\/fr\/wp-json\/wp\/v2\/media?parent=1960"}],"wp:term":[{"taxonomy":"category","embeddable":true,"href":"https:\/\/globecore.co.za\/fr\/wp-json\/wp\/v2\/categories?post=1960"}],"curies":[{"name":"wp","href":"https:\/\/api.w.org\/{rel}","templated":true}]}}