{"id":6115,"date":"2026-05-06T12:43:55","date_gmt":"2026-05-06T12:43:55","guid":{"rendered":"https:\/\/globecore.co.za\/?page_id=6115"},"modified":"2026-05-06T12:46:11","modified_gmt":"2026-05-06T12:46:11","slug":"equipement-de-sechage-a-lair","status":"publish","type":"page","link":"https:\/\/globecore.co.za\/fr\/products\/mineral-oil-processing-equipment\/equipement-de-sechage-a-lair\/","title":{"rendered":"\u00c9quipement de s\u00e9chage \u00e0 l\u2019air"},"content":{"rendered":"","protected":false},"excerpt":{"rendered":"","protected":false},"author":8,"featured_media":2296,"parent":509,"menu_order":0,"comment_status":"closed","ping_status":"closed","template":"templates\/products-sidebar.php","meta":{"_acf_changed":false,"footnotes":""},"categories":[],"class_list":["post-6115","page","type-page","status-publish","has-post-thumbnail","hentry"],"acf":[],"_links":{"self":[{"href":"https:\/\/globecore.co.za\/fr\/wp-json\/wp\/v2\/pages\/6115","targetHints":{"allow":["GET"]}}],"collection":[{"href":"https:\/\/globecore.co.za\/fr\/wp-json\/wp\/v2\/pages"}],"about":[{"href":"https:\/\/globecore.co.za\/fr\/wp-json\/wp\/v2\/types\/page"}],"author":[{"embeddable":true,"href":"https:\/\/globecore.co.za\/fr\/wp-json\/wp\/v2\/users\/8"}],"replies":[{"embeddable":true,"href":"https:\/\/globecore.co.za\/fr\/wp-json\/wp\/v2\/comments?post=6115"}],"version-history":[{"count":2,"href":"https:\/\/globecore.co.za\/fr\/wp-json\/wp\/v2\/pages\/6115\/revisions"}],"predecessor-version":[{"id":6117,"href":"https:\/\/globecore.co.za\/fr\/wp-json\/wp\/v2\/pages\/6115\/revisions\/6117"}],"up":[{"embeddable":true,"href":"https:\/\/globecore.co.za\/fr\/wp-json\/wp\/v2\/pages\/509"}],"wp:featuredmedia":[{"embeddable":true,"href":"https:\/\/globecore.co.za\/fr\/wp-json\/wp\/v2\/media\/2296"}],"wp:attachment":[{"href":"https:\/\/globecore.co.za\/fr\/wp-json\/wp\/v2\/media?parent=6115"}],"wp:term":[{"taxonomy":"category","embeddable":true,"href":"https:\/\/globecore.co.za\/fr\/wp-json\/wp\/v2\/categories?post=6115"}],"curies":[{"name":"wp","href":"https:\/\/api.w.org\/{rel}","templated":true}]}}