{"id":6169,"date":"2026-05-07T07:39:58","date_gmt":"2026-05-07T07:39:58","guid":{"rendered":"https:\/\/globecore.co.za\/?page_id=6169"},"modified":"2026-05-07T07:42:00","modified_gmt":"2026-05-07T07:42:00","slug":"cmm-10rl-usine-de-regeneration-dhuile-de-transformateur","status":"publish","type":"page","link":"https:\/\/globecore.co.za\/fr\/products\/mineral-oil-processing-equipment\/rrr\/cmm-10rl-usine-de-regeneration-dhuile-de-transformateur\/","title":{"rendered":"CMM-10RL Usine de r\u00e9g\u00e9n\u00e9ration d&rsquo;huile de transformateur"},"content":{"rendered":"","protected":false},"excerpt":{"rendered":"","protected":false},"author":8,"featured_media":6167,"parent":1502,"menu_order":0,"comment_status":"closed","ping_status":"closed","template":"templates\/single-product.php","meta":{"_acf_changed":false,"footnotes":""},"categories":[],"class_list":["post-6169","page","type-page","status-publish","has-post-thumbnail","hentry"],"acf":[],"_links":{"self":[{"href":"https:\/\/globecore.co.za\/fr\/wp-json\/wp\/v2\/pages\/6169","targetHints":{"allow":["GET"]}}],"collection":[{"href":"https:\/\/globecore.co.za\/fr\/wp-json\/wp\/v2\/pages"}],"about":[{"href":"https:\/\/globecore.co.za\/fr\/wp-json\/wp\/v2\/types\/page"}],"author":[{"embeddable":true,"href":"https:\/\/globecore.co.za\/fr\/wp-json\/wp\/v2\/users\/8"}],"replies":[{"embeddable":true,"href":"https:\/\/globecore.co.za\/fr\/wp-json\/wp\/v2\/comments?post=6169"}],"version-history":[{"count":3,"href":"https:\/\/globecore.co.za\/fr\/wp-json\/wp\/v2\/pages\/6169\/revisions"}],"predecessor-version":[{"id":6181,"href":"https:\/\/globecore.co.za\/fr\/wp-json\/wp\/v2\/pages\/6169\/revisions\/6181"}],"up":[{"embeddable":true,"href":"https:\/\/globecore.co.za\/fr\/wp-json\/wp\/v2\/pages\/1502"}],"wp:featuredmedia":[{"embeddable":true,"href":"https:\/\/globecore.co.za\/fr\/wp-json\/wp\/v2\/media\/6167"}],"wp:attachment":[{"href":"https:\/\/globecore.co.za\/fr\/wp-json\/wp\/v2\/media?parent=6169"}],"wp:term":[{"taxonomy":"category","embeddable":true,"href":"https:\/\/globecore.co.za\/fr\/wp-json\/wp\/v2\/categories?post=6169"}],"curies":[{"name":"wp","href":"https:\/\/api.w.org\/{rel}","templated":true}]}}