{"id":6326,"date":"2026-05-07T12:33:29","date_gmt":"2026-05-07T12:33:29","guid":{"rendered":"https:\/\/globecore.co.za\/?page_id=6326"},"modified":"2026-05-07T12:35:02","modified_gmt":"2026-05-07T12:35:02","slug":"usb-5-unite-de-melange-a-haute-vitesse-pour-la-production-de-desinfectants-015-03-m%c2%b3-h","status":"publish","type":"page","link":"https:\/\/globecore.co.za\/fr\/products\/usb-5-unite-de-melange-a-haute-vitesse-pour-la-production-de-desinfectants-015-03-m%c2%b3-h\/","title":{"rendered":"USB-5 Unit\u00e9 de m\u00e9lange \u00e0 haute vitesse pour la production de d\u00e9sinfectants (0,15 \u2013 0,3 m\u00b3\/h)"},"content":{"rendered":"","protected":false},"excerpt":{"rendered":"","protected":false},"author":8,"featured_media":2741,"parent":1564,"menu_order":0,"comment_status":"closed","ping_status":"closed","template":"templates\/single-product.php","meta":{"_acf_changed":false,"footnotes":""},"categories":[],"class_list":["post-6326","page","type-page","status-publish","has-post-thumbnail","hentry"],"acf":[],"_links":{"self":[{"href":"https:\/\/globecore.co.za\/fr\/wp-json\/wp\/v2\/pages\/6326","targetHints":{"allow":["GET"]}}],"collection":[{"href":"https:\/\/globecore.co.za\/fr\/wp-json\/wp\/v2\/pages"}],"about":[{"href":"https:\/\/globecore.co.za\/fr\/wp-json\/wp\/v2\/types\/page"}],"author":[{"embeddable":true,"href":"https:\/\/globecore.co.za\/fr\/wp-json\/wp\/v2\/users\/8"}],"replies":[{"embeddable":true,"href":"https:\/\/globecore.co.za\/fr\/wp-json\/wp\/v2\/comments?post=6326"}],"version-history":[{"count":2,"href":"https:\/\/globecore.co.za\/fr\/wp-json\/wp\/v2\/pages\/6326\/revisions"}],"predecessor-version":[{"id":6328,"href":"https:\/\/globecore.co.za\/fr\/wp-json\/wp\/v2\/pages\/6326\/revisions\/6328"}],"up":[{"embeddable":true,"href":"https:\/\/globecore.co.za\/fr\/wp-json\/wp\/v2\/pages\/1564"}],"wp:featuredmedia":[{"embeddable":true,"href":"https:\/\/globecore.co.za\/fr\/wp-json\/wp\/v2\/media\/2741"}],"wp:attachment":[{"href":"https:\/\/globecore.co.za\/fr\/wp-json\/wp\/v2\/media?parent=6326"}],"wp:term":[{"taxonomy":"category","embeddable":true,"href":"https:\/\/globecore.co.za\/fr\/wp-json\/wp\/v2\/categories?post=6326"}],"curies":[{"name":"wp","href":"https:\/\/api.w.org\/{rel}","templated":true}]}}