{"id":789,"date":"2019-08-21T09:56:50","date_gmt":"2019-08-21T06:56:50","guid":{"rendered":"http:\/\/globecore.co.za\/?page_id=789"},"modified":"2023-12-14T11:39:17","modified_gmt":"2023-12-14T11:39:17","slug":"systeme-de-regeneration-dhuile-cmm-r","status":"publish","type":"page","link":"https:\/\/globecore.co.za\/fr\/systeme-de-regeneration-dhuile-cmm-r\/","title":{"rendered":"SYST\u00c8ME DE R\u00c9G\u00c9N\u00c9RATION D\u2019HUILE CMM-R"},"content":{"rendered":"<p>&nbsp;<\/p>\n<p>&nbsp;<\/p>\n","protected":false},"excerpt":{"rendered":"<p>&nbsp; &nbsp;<\/p>\n","protected":false},"author":7,"featured_media":791,"parent":0,"menu_order":0,"comment_status":"closed","ping_status":"closed","template":"","meta":{"_acf_changed":false,"footnotes":""},"categories":[],"class_list":["post-789","page","type-page","status-publish","has-post-thumbnail","hentry"],"acf":[],"_links":{"self":[{"href":"https:\/\/globecore.co.za\/fr\/wp-json\/wp\/v2\/pages\/789","targetHints":{"allow":["GET"]}}],"collection":[{"href":"https:\/\/globecore.co.za\/fr\/wp-json\/wp\/v2\/pages"}],"about":[{"href":"https:\/\/globecore.co.za\/fr\/wp-json\/wp\/v2\/types\/page"}],"author":[{"embeddable":true,"href":"https:\/\/globecore.co.za\/fr\/wp-json\/wp\/v2\/users\/7"}],"replies":[{"embeddable":true,"href":"https:\/\/globecore.co.za\/fr\/wp-json\/wp\/v2\/comments?post=789"}],"version-history":[{"count":9,"href":"https:\/\/globecore.co.za\/fr\/wp-json\/wp\/v2\/pages\/789\/revisions"}],"predecessor-version":[{"id":3292,"href":"https:\/\/globecore.co.za\/fr\/wp-json\/wp\/v2\/pages\/789\/revisions\/3292"}],"wp:featuredmedia":[{"embeddable":true,"href":"https:\/\/globecore.co.za\/fr\/wp-json\/wp\/v2\/media\/791"}],"wp:attachment":[{"href":"https:\/\/globecore.co.za\/fr\/wp-json\/wp\/v2\/media?parent=789"}],"wp:term":[{"taxonomy":"category","embeddable":true,"href":"https:\/\/globecore.co.za\/fr\/wp-json\/wp\/v2\/categories?post=789"}],"curies":[{"name":"wp","href":"https:\/\/api.w.org\/{rel}","templated":true}]}}